{"id":23,"date":"2024-12-12T20:12:25","date_gmt":"2024-12-12T20:12:25","guid":{"rendered":"https:\/\/beta2847na.ecustomer.es\/?page_id=23"},"modified":"2025-02-06T15:55:35","modified_gmt":"2025-02-06T15:55:35","slug":"inicio","status":"publish","type":"page","link":"https:\/\/nwee.ai\/","title":{"rendered":"Inicio"},"content":{"rendered":"\t\t<div data-elementor-type=\"wp-page\" data-elementor-id=\"23\" class=\"elementor elementor-23\" data-elementor-post-type=\"page\">\n\t\t\t\t<div class=\"elementor-element elementor-element-e243706 e-flex e-con-boxed e-con e-parent\" data-id=\"e243706\" data-element_type=\"container\" data-settings=\"{&quot;background_background&quot;:&quot;video&quot;,&quot;background_video_link&quot;:&quot;https:\\\/\\\/nwee.ai\\\/wp-content\\\/uploads\\\/2025\\\/01\\\/videoHome.mp4&quot;,&quot;background_play_on_mobile&quot;:&quot;yes&quot;}\">\n\t\t\t\t\t<div class=\"e-con-inner\">\n\t\t<div class=\"elementor-background-video-container\">\n\t\t\t\t\t\t\t<video class=\"elementor-background-video-hosted\" autoplay muted playsinline loop><\/video>\n\t\t\t\t\t<\/div><div class=\"elementor-element elementor-element-691ae24 e-con-full e-flex e-con e-child\" data-id=\"691ae24\" data-element_type=\"container\">\n\t\t\t\t<div class=\"elementor-element elementor-element-b5006ea elementor-widget elementor-widget-heading\" data-id=\"b5006ea\" data-element_type=\"widget\" data-widget_type=\"heading.default\">\n\t\t\t\t<div class=\"elementor-widget-container\">\n\t\t\t\t\t<h2 class=\"elementor-heading-title elementor-size-default\">eCommerce powered by AI conversations<\/h2>\t\t\t\t<\/div>\n\t\t\t\t<\/div>\n\t\t\t\t<\/div>\n\t\t\t\t\t<\/div>\n\t\t\t\t<\/div>\n\t\t<div class=\"elementor-element elementor-element-fc18805 e-flex e-con-boxed e-con e-parent\" data-id=\"fc18805\" data-element_type=\"container\" data-settings=\"{&quot;background_background&quot;:&quot;classic&quot;}\">\n\t\t\t\t\t<div class=\"e-con-inner\">\n\t\t<div class=\"elementor-element elementor-element-ab4f560 e-con-full e-flex e-con e-child\" data-id=\"ab4f560\" data-element_type=\"container\">\n\t\t\t\t<div class=\"elementor-element elementor-element-6a6de33 elementor-widget elementor-widget-image\" data-id=\"6a6de33\" data-element_type=\"widget\" data-widget_type=\"image.default\">\n\t\t\t\t<div class=\"elementor-widget-container\">\n\t\t\t\t\t\t\t\t\t\t\t\t\t\t\t<img fetchpriority=\"high\" decoding=\"async\" width=\"800\" height=\"800\" src=\"https:\/\/nwee.ai\/wp-content\/uploads\/2024\/12\/gif-1-24-Shopping.gif\" class=\"attachment-large size-large wp-image-159\" alt=\"\" \/>\t\t\t\t\t\t\t\t\t\t\t\t\t\t\t<\/div>\n\t\t\t\t<\/div>\n\t\t\t\t<\/div>\n\t\t<div class=\"elementor-element elementor-element-101cc28 e-con-full e-flex e-con e-child\" data-id=\"101cc28\" data-element_type=\"container\">\n\t\t\t\t<div class=\"elementor-element elementor-element-bfaa191 elementor-widget elementor-widget-heading\" data-id=\"bfaa191\" data-element_type=\"widget\" data-widget_type=\"heading.default\">\n\t\t\t\t<div class=\"elementor-widget-container\">\n\t\t\t\t\t<h2 class=\"elementor-heading-title elementor-size-default\">COMPRAR ONLINE \n<br>\nCOMO NUNCA HAB\u00cdAS IMAGINADO\n<\/h2>\t\t\t\t<\/div>\n\t\t\t\t<\/div>\n\t\t\t\t<\/div>\n\t\t\t\t\t<\/div>\n\t\t\t\t<\/div>\n\t\t<div class=\"elementor-element elementor-element-51efe91 e-flex e-con-boxed e-con e-parent\" data-id=\"51efe91\" data-element_type=\"container\" id=\"ventajas\">\n\t\t\t\t\t<div class=\"e-con-inner\">\n\t\t\t\t<div class=\"elementor-element elementor-element-0a0d53c elementor-widget elementor-widget-heading\" data-id=\"0a0d53c\" data-element_type=\"widget\" data-widget_type=\"heading.default\">\n\t\t\t\t<div class=\"elementor-widget-container\">\n\t\t\t\t\t<h2 class=\"elementor-heading-title elementor-size-default\">\u00bfQU\u00c9 VENTAJAS APORTA LA IA  CONVERSACIONAL?<\/h2>\t\t\t\t<\/div>\n\t\t\t\t<\/div>\n\t\t<div class=\"elementor-element elementor-element-4aa0b88 e-con-full e-flex e-con e-child\" data-id=\"4aa0b88\" data-element_type=\"container\">\n\t\t<div class=\"elementor-element elementor-element-95aa758 e-con-full e-flex e-con e-child\" data-id=\"95aa758\" data-element_type=\"container\">\n\t\t\t\t<div class=\"elementor-element elementor-element-12bd279 elementor-widget elementor-widget-heading\" data-id=\"12bd279\" data-element_type=\"widget\" data-widget_type=\"heading.default\">\n\t\t\t\t<div class=\"elementor-widget-container\">\n\t\t\t\t\t<h2 class=\"elementor-heading-title elementor-size-default\">Dialoga<\/h2>\t\t\t\t<\/div>\n\t\t\t\t<\/div>\n\t\t\t\t<div class=\"elementor-element elementor-element-6f438b9 elementor-widget elementor-widget-image\" data-id=\"6f438b9\" data-element_type=\"widget\" data-widget_type=\"image.default\">\n\t\t\t\t<div class=\"elementor-widget-container\">\n\t\t\t\t\t\t\t\t\t\t\t\t\t\t\t<img decoding=\"async\" width=\"800\" height=\"800\" src=\"https:\/\/nwee.ai\/wp-content\/uploads\/2024\/12\/gif-2-01-Account.gif\" class=\"attachment-large size-large wp-image-161\" alt=\"\" \/>\t\t\t\t\t\t\t\t\t\t\t\t\t\t\t<\/div>\n\t\t\t\t<\/div>\n\t\t\t\t<div class=\"elementor-element elementor-element-94d396b elementor-widget elementor-widget-heading\" data-id=\"94d396b\" data-element_type=\"widget\" data-widget_type=\"heading.default\">\n\t\t\t\t<div class=\"elementor-widget-container\">\n\t\t\t\t\t<h2 class=\"elementor-heading-title elementor-size-default\">No solo respuestas<\/h2>\t\t\t\t<\/div>\n\t\t\t\t<\/div>\n\t\t\t\t<div class=\"elementor-element elementor-element-3adfe3a elementor-widget elementor-widget-text-editor\" data-id=\"3adfe3a\" data-element_type=\"widget\" data-widget_type=\"text-editor.default\">\n\t\t\t\t<div class=\"elementor-widget-container\">\n\t\t\t\t\t\t\t\t\t<p>Tu eCommerce ser\u00e1 capaz de dialogar con los clientes como lo har\u00edas t\u00fa si estuvieses tras un mostrador en tienda, generando un verdadero di\u00e1logo.<\/p>\t\t\t\t\t\t\t\t<\/div>\n\t\t\t\t<\/div>\n\t\t\t\t<\/div>\n\t\t<div class=\"elementor-element elementor-element-39cb5a5 e-con-full e-flex e-con e-child\" data-id=\"39cb5a5\" data-element_type=\"container\">\n\t\t\t\t<div class=\"elementor-element elementor-element-e0b05cc elementor-widget elementor-widget-heading\" data-id=\"e0b05cc\" data-element_type=\"widget\" data-widget_type=\"heading.default\">\n\t\t\t\t<div class=\"elementor-widget-container\">\n\t\t\t\t\t<h2 class=\"elementor-heading-title elementor-size-default\">Aconseja<\/h2>\t\t\t\t<\/div>\n\t\t\t\t<\/div>\n\t\t\t\t<div class=\"elementor-element elementor-element-8af54aa elementor-widget elementor-widget-image\" data-id=\"8af54aa\" data-element_type=\"widget\" data-widget_type=\"image.default\">\n\t\t\t\t<div class=\"elementor-widget-container\">\n\t\t\t\t\t\t\t\t\t\t\t\t\t\t\t<img decoding=\"async\" width=\"800\" height=\"800\" src=\"https:\/\/nwee.ai\/wp-content\/uploads\/2025\/01\/gif-3-02-Buy-Now.gif\" class=\"attachment-large size-large wp-image-210\" alt=\"\" \/>\t\t\t\t\t\t\t\t\t\t\t\t\t\t\t<\/div>\n\t\t\t\t<\/div>\n\t\t\t\t<div class=\"elementor-element elementor-element-53c2f67 elementor-widget elementor-widget-heading\" data-id=\"53c2f67\" data-element_type=\"widget\" data-widget_type=\"heading.default\">\n\t\t\t\t<div class=\"elementor-widget-container\">\n\t\t\t\t\t<h2 class=\"elementor-heading-title elementor-size-default\">No solo opciones<\/h2>\t\t\t\t<\/div>\n\t\t\t\t<\/div>\n\t\t\t\t<div class=\"elementor-element elementor-element-24ffadf elementor-widget elementor-widget-text-editor\" data-id=\"24ffadf\" data-element_type=\"widget\" data-widget_type=\"text-editor.default\">\n\t\t\t\t<div class=\"elementor-widget-container\">\n\t\t\t\t\t\t\t\t\t<p>Ofrecer\u00e1s mucho m\u00e1s que opciones, comprendiendo las necesidades y a trav\u00e9s de los comentarios del cliente podr\u00e1s aconsejar y plantear alternativas.<\/p>\t\t\t\t\t\t\t\t<\/div>\n\t\t\t\t<\/div>\n\t\t\t\t<\/div>\n\t\t<div class=\"elementor-element elementor-element-cf85c16 e-con-full e-flex e-con e-child\" data-id=\"cf85c16\" data-element_type=\"container\">\n\t\t\t\t<div class=\"elementor-element elementor-element-026d368 elementor-widget elementor-widget-heading\" data-id=\"026d368\" data-element_type=\"widget\" data-widget_type=\"heading.default\">\n\t\t\t\t<div class=\"elementor-widget-container\">\n\t\t\t\t\t<h2 class=\"elementor-heading-title elementor-size-default\">Empatiza<\/h2>\t\t\t\t<\/div>\n\t\t\t\t<\/div>\n\t\t\t\t<div class=\"elementor-element elementor-element-4894fb0 elementor-widget elementor-widget-image\" data-id=\"4894fb0\" data-element_type=\"widget\" data-widget_type=\"image.default\">\n\t\t\t\t<div class=\"elementor-widget-container\">\n\t\t\t\t\t\t\t\t\t\t\t\t\t\t\t<img loading=\"lazy\" decoding=\"async\" width=\"800\" height=\"800\" src=\"https:\/\/nwee.ai\/wp-content\/uploads\/2025\/01\/gif-5-18-Recommended.gif\" class=\"attachment-large size-large wp-image-208\" alt=\"\" \/>\t\t\t\t\t\t\t\t\t\t\t\t\t\t\t<\/div>\n\t\t\t\t<\/div>\n\t\t\t\t<div class=\"elementor-element elementor-element-e937d54 elementor-widget elementor-widget-heading\" data-id=\"e937d54\" data-element_type=\"widget\" data-widget_type=\"heading.default\">\n\t\t\t\t<div class=\"elementor-widget-container\">\n\t\t\t\t\t<h2 class=\"elementor-heading-title elementor-size-default\">No solo interacci\u00f3n<\/h2>\t\t\t\t<\/div>\n\t\t\t\t<\/div>\n\t\t\t\t<div class=\"elementor-element elementor-element-ac5a3a1 elementor-widget elementor-widget-text-editor\" data-id=\"ac5a3a1\" data-element_type=\"widget\" data-widget_type=\"text-editor.default\">\n\t\t\t\t<div class=\"elementor-widget-container\">\n\t\t\t\t\t\t\t\t\t<p>Parece incre\u00edble, pero la clave es que conectemos con el cliente, empatizando con sus necesidades, tipo de compra a realizar, modo en el que quiere ser tratado y acompa\u00f1ado.<\/p>\t\t\t\t\t\t\t\t<\/div>\n\t\t\t\t<\/div>\n\t\t\t\t<\/div>\n\t\t<div class=\"elementor-element elementor-element-6d5b0eb e-con-full e-flex e-con e-child\" data-id=\"6d5b0eb\" data-element_type=\"container\">\n\t\t\t\t<div class=\"elementor-element elementor-element-c0b6834 elementor-widget elementor-widget-heading\" data-id=\"c0b6834\" data-element_type=\"widget\" data-widget_type=\"heading.default\">\n\t\t\t\t<div class=\"elementor-widget-container\">\n\t\t\t\t\t<h2 class=\"elementor-heading-title elementor-size-default\">Insights<\/h2>\t\t\t\t<\/div>\n\t\t\t\t<\/div>\n\t\t\t\t<div class=\"elementor-element elementor-element-ddde0ce elementor-widget elementor-widget-image\" data-id=\"ddde0ce\" data-element_type=\"widget\" data-widget_type=\"image.default\">\n\t\t\t\t<div class=\"elementor-widget-container\">\n\t\t\t\t\t\t\t\t\t\t\t\t\t\t\t<img loading=\"lazy\" decoding=\"async\" width=\"800\" height=\"800\" src=\"https:\/\/nwee.ai\/wp-content\/uploads\/2025\/01\/gif-5-23-Sales-Analytics.gif\" class=\"attachment-large size-large wp-image-209\" alt=\"\" \/>\t\t\t\t\t\t\t\t\t\t\t\t\t\t\t<\/div>\n\t\t\t\t<\/div>\n\t\t\t\t<div class=\"elementor-element elementor-element-e0d667f elementor-widget elementor-widget-heading\" data-id=\"e0d667f\" data-element_type=\"widget\" data-widget_type=\"heading.default\">\n\t\t\t\t<div class=\"elementor-widget-container\">\n\t\t\t\t\t<h2 class=\"elementor-heading-title elementor-size-default\">No solo datos<\/h2>\t\t\t\t<\/div>\n\t\t\t\t<\/div>\n\t\t\t\t<div class=\"elementor-element elementor-element-f4d0619 elementor-widget elementor-widget-text-editor\" data-id=\"f4d0619\" data-element_type=\"widget\" data-widget_type=\"text-editor.default\">\n\t\t\t\t<div class=\"elementor-widget-container\">\n\t\t\t\t\t\t\t\t\t<p>Comprender lo que est\u00e1 ocurriendo en tiempo real, lo que funciona y lo que se puede mejorar es la clave para alinear tu oferta y descubrir claves de cierre y venta.<\/p>\t\t\t\t\t\t\t\t<\/div>\n\t\t\t\t<\/div>\n\t\t\t\t<\/div>\n\t\t\t\t<\/div>\n\t\t\t\t\t<\/div>\n\t\t\t\t<\/div>\n\t\t<div class=\"elementor-element elementor-element-8f66eab e-flex e-con-boxed e-con e-parent\" data-id=\"8f66eab\" data-element_type=\"container\" id=\"plug\" data-settings=\"{&quot;background_background&quot;:&quot;classic&quot;}\">\n\t\t\t\t\t<div class=\"e-con-inner\">\n\t\t<div class=\"elementor-element elementor-element-57519bb e-con-full e-flex e-con e-child\" data-id=\"57519bb\" data-element_type=\"container\">\n\t\t\t\t<div class=\"elementor-element elementor-element-3e363e9 elementor-widget elementor-widget-image\" data-id=\"3e363e9\" data-element_type=\"widget\" data-widget_type=\"image.default\">\n\t\t\t\t<div class=\"elementor-widget-container\">\n\t\t\t\t\t\t\t\t\t\t\t\t\t\t\t<img loading=\"lazy\" decoding=\"async\" width=\"800\" height=\"800\" src=\"https:\/\/nwee.ai\/wp-content\/uploads\/2024\/12\/enchufe-1024x1024.png\" class=\"attachment-large size-large wp-image-165\" alt=\"\" srcset=\"https:\/\/nwee.ai\/wp-content\/uploads\/2024\/12\/enchufe-1024x1024.png 1024w, https:\/\/nwee.ai\/wp-content\/uploads\/2024\/12\/enchufe-300x300.png 300w, https:\/\/nwee.ai\/wp-content\/uploads\/2024\/12\/enchufe-150x150.png 150w, https:\/\/nwee.ai\/wp-content\/uploads\/2024\/12\/enchufe-768x768.png 768w, https:\/\/nwee.ai\/wp-content\/uploads\/2024\/12\/enchufe-12x12.png 12w, https:\/\/nwee.ai\/wp-content\/uploads\/2024\/12\/enchufe.png 1080w\" sizes=\"(max-width: 800px) 100vw, 800px\" \/>\t\t\t\t\t\t\t\t\t\t\t\t\t\t\t<\/div>\n\t\t\t\t<\/div>\n\t\t\t\t<\/div>\n\t\t<div class=\"elementor-element elementor-element-9e6d6e7 e-con-full e-flex e-con e-child\" data-id=\"9e6d6e7\" data-element_type=\"container\">\n\t\t\t\t<div class=\"elementor-element elementor-element-f3bb92e elementor-widget elementor-widget-heading\" data-id=\"f3bb92e\" data-element_type=\"widget\" data-widget_type=\"heading.default\">\n\t\t\t\t<div class=\"elementor-widget-container\">\n\t\t\t\t\t<h2 class=\"elementor-heading-title elementor-size-default\">CON UN PLUG IN PARA\n<br>\nTU eCOMMERCE\n<br>\nAS\u00cd DE F\u00c1CIL\n<\/h2>\t\t\t\t<\/div>\n\t\t\t\t<\/div>\n\t\t\t\t<\/div>\n\t\t\t\t\t<\/div>\n\t\t\t\t<\/div>\n\t\t<div class=\"elementor-element elementor-element-389f86b e-flex e-con-boxed e-con e-parent\" data-id=\"389f86b\" data-element_type=\"container\">\n\t\t\t\t\t<div class=\"e-con-inner\">\n\t\t\t\t<div class=\"elementor-element elementor-element-6dec893 elementor-skin-carousel elementor-pagination-type-bullets elementor-pagination-position-outside elementor-widget elementor-widget-media-carousel\" data-id=\"6dec893\" data-element_type=\"widget\" data-settings=\"{&quot;slides_per_view&quot;:&quot;3&quot;,&quot;slides_to_scroll&quot;:&quot;1&quot;,&quot;space_between&quot;:{&quot;unit&quot;:&quot;px&quot;,&quot;size&quot;:60,&quot;sizes&quot;:[]},&quot;skin&quot;:&quot;carousel&quot;,&quot;effect&quot;:&quot;slide&quot;,&quot;pagination&quot;:&quot;bullets&quot;,&quot;speed&quot;:500,&quot;autoplay&quot;:&quot;yes&quot;,&quot;autoplay_speed&quot;:5000,&quot;loop&quot;:&quot;yes&quot;,&quot;pause_on_hover&quot;:&quot;yes&quot;,&quot;pause_on_interaction&quot;:&quot;yes&quot;,&quot;space_between_widescreen&quot;:{&quot;unit&quot;:&quot;px&quot;,&quot;size&quot;:10,&quot;sizes&quot;:[]},&quot;space_between_laptop&quot;:{&quot;unit&quot;:&quot;px&quot;,&quot;size&quot;:10,&quot;sizes&quot;:[]},&quot;space_between_tablet_extra&quot;:{&quot;unit&quot;:&quot;px&quot;,&quot;size&quot;:10,&quot;sizes&quot;:[]},&quot;space_between_tablet&quot;:{&quot;unit&quot;:&quot;px&quot;,&quot;size&quot;:10,&quot;sizes&quot;:[]},&quot;space_between_mobile_extra&quot;:{&quot;unit&quot;:&quot;px&quot;,&quot;size&quot;:10,&quot;sizes&quot;:[]},&quot;space_between_mobile&quot;:{&quot;unit&quot;:&quot;px&quot;,&quot;size&quot;:10,&quot;sizes&quot;:[]}}\" data-widget_type=\"media-carousel.default\">\n\t\t\t\t<div class=\"elementor-widget-container\">\n\t\t\t\t\t\t\t\t\t<div class=\"elementor-swiper\">\n\t\t\t\t\t<div class=\"elementor-main-swiper swiper\" role=\"region\" aria-roledescription=\"carousel\" aria-label=\"Diapositivas\">\n\t\t\t\t<div class=\"swiper-wrapper\">\n\t\t\t\t\t\t\t\t\t\t\t<div class=\"swiper-slide\" role=\"group\" aria-roledescription=\"slide\">\n\t\t\t\t\t\t\t\t\t<div class=\"elementor-carousel-image\" role=\"img\" aria-label=\"shopify\" style=\"background-image: url(&#039;https:\/\/nwee.ai\/wp-content\/uploads\/2025\/01\/shopify-1.png&#039;)\">\n\n\t\t\t\n\t\t\t\t\t<\/div>\n\t\t\t\t\t\t\t\t<\/div>\n\t\t\t\t\t\t\t\t\t\t\t<div class=\"swiper-slide\" role=\"group\" aria-roledescription=\"slide\">\n\t\t\t\t\t\t\t\t\t<div class=\"elementor-carousel-image\" role=\"img\" aria-label=\"Prestashop\" style=\"background-image: url(&#039;https:\/\/nwee.ai\/wp-content\/uploads\/2025\/01\/Prestashop-1.png&#039;)\">\n\n\t\t\t\n\t\t\t\t\t<\/div>\n\t\t\t\t\t\t\t\t<\/div>\n\t\t\t\t\t\t\t\t\t\t\t<div class=\"swiper-slide\" role=\"group\" aria-roledescription=\"slide\">\n\t\t\t\t\t\t\t\t\t<div class=\"elementor-carousel-image\" role=\"img\" aria-label=\"Magento\" style=\"background-image: url(&#039;https:\/\/nwee.ai\/wp-content\/uploads\/2025\/01\/Magento.png&#039;)\">\n\n\t\t\t\n\t\t\t\t\t<\/div>\n\t\t\t\t\t\t\t\t<\/div>\n\t\t\t\t\t\t\t\t\t\t\t<div class=\"swiper-slide\" role=\"group\" aria-roledescription=\"slide\">\n\t\t\t\t\t\t\t\t\t<div class=\"elementor-carousel-image\" role=\"img\" aria-label=\"woocommerce\" style=\"background-image: url(&#039;https:\/\/nwee.ai\/wp-content\/uploads\/2025\/01\/woocommerce-1.png&#039;)\">\n\n\t\t\t\n\t\t\t\t\t<\/div>\n\t\t\t\t\t\t\t\t<\/div>\n\t\t\t\t\t\t\t\t\t<\/div>\n\t\t\t\t\t\t\t\t\t\t\t\t\t\t\t\t\t\t\t\t<div class=\"swiper-pagination\"><\/div>\n\t\t\t\t\t\t\t\t\t\t\t\t<\/div>\n\t\t\t\t<\/div>\n\t\t\t\t\t\t\t\t<\/div>\n\t\t\t\t<\/div>\n\t\t\t\t\t<\/div>\n\t\t\t\t<\/div>\n\t\t<div class=\"elementor-element elementor-element-c7e199e e-flex e-con-boxed e-con e-parent\" data-id=\"c7e199e\" data-element_type=\"container\" id=\"scroll1\" data-settings=\"{&quot;background_background&quot;:&quot;classic&quot;,&quot;shape_divider_bottom&quot;:&quot;waves&quot;}\">\n\t\t\t\t\t<div class=\"e-con-inner\">\n\t\t\t\t<div class=\"elementor-shape elementor-shape-bottom\" data-negative=\"false\">\n\t\t\t<svg xmlns=\"http:\/\/www.w3.org\/2000\/svg\" viewBox=\"0 0 1000 100\" preserveAspectRatio=\"none\">\n\t<path class=\"elementor-shape-fill\" d=\"M421.9,6.5c22.6-2.5,51.5,0.4,75.5,5.3c23.6,4.9,70.9,23.5,100.5,35.7c75.8,32.2,133.7,44.5,192.6,49.7\n\tc23.6,2.1,48.7,3.5,103.4-2.5c54.7-6,106.2-25.6,106.2-25.6V0H0v30.3c0,0,72,32.6,158.4,30.5c39.2-0.7,92.8-6.7,134-22.4\n\tc21.2-8.1,52.2-18.2,79.7-24.2C399.3,7.9,411.6,7.5,421.9,6.5z\"\/>\n<\/svg>\t\t<\/div>\n\t\t<div class=\"elementor-element elementor-element-5804c62 e-con-full e-flex e-con e-child\" data-id=\"5804c62\" data-element_type=\"container\">\n\t\t\t\t<div class=\"elementor-element elementor-element-4b89e9a elementor-widget__width-initial elementor-widget elementor-widget-image\" data-id=\"4b89e9a\" data-element_type=\"widget\" data-widget_type=\"image.default\">\n\t\t\t\t<div class=\"elementor-widget-container\">\n\t\t\t\t\t\t\t\t\t\t\t\t\t\t\t<img loading=\"lazy\" decoding=\"async\" width=\"800\" height=\"800\" src=\"https:\/\/nwee.ai\/wp-content\/uploads\/2025\/01\/gif-4-08-eCommerce-1.gif\" class=\"attachment-large size-large wp-image-207\" alt=\"\" \/>\t\t\t\t\t\t\t\t\t\t\t\t\t\t\t<\/div>\n\t\t\t\t<\/div>\n\t\t\t\t<div class=\"elementor-element elementor-element-7a1128d elementor-widget__width-initial elementor-widget elementor-widget-heading\" data-id=\"7a1128d\" data-element_type=\"widget\" data-widget_type=\"heading.default\">\n\t\t\t\t<div class=\"elementor-widget-container\">\n\t\t\t\t\t<h2 class=\"elementor-heading-title elementor-size-default\">ENRIQUECE TUS\nDESCRIPCIONES<\/h2>\t\t\t\t<\/div>\n\t\t\t\t<\/div>\n\t\t\t\t<\/div>\n\t\t\t\t\t<\/div>\n\t\t\t\t<\/div>\n\t\t<div class=\"elementor-element elementor-element-db59278 e-flex e-con-boxed e-con e-parent\" data-id=\"db59278\" data-element_type=\"container\" id=\"scroll2\" data-settings=\"{&quot;background_background&quot;:&quot;classic&quot;,&quot;shape_divider_bottom&quot;:&quot;waves&quot;}\">\n\t\t\t\t\t<div class=\"e-con-inner\">\n\t\t\t\t<div class=\"elementor-shape elementor-shape-bottom\" data-negative=\"false\">\n\t\t\t<svg xmlns=\"http:\/\/www.w3.org\/2000\/svg\" viewBox=\"0 0 1000 100\" preserveAspectRatio=\"none\">\n\t<path class=\"elementor-shape-fill\" d=\"M421.9,6.5c22.6-2.5,51.5,0.4,75.5,5.3c23.6,4.9,70.9,23.5,100.5,35.7c75.8,32.2,133.7,44.5,192.6,49.7\n\tc23.6,2.1,48.7,3.5,103.4-2.5c54.7-6,106.2-25.6,106.2-25.6V0H0v30.3c0,0,72,32.6,158.4,30.5c39.2-0.7,92.8-6.7,134-22.4\n\tc21.2-8.1,52.2-18.2,79.7-24.2C399.3,7.9,411.6,7.5,421.9,6.5z\"\/>\n<\/svg>\t\t<\/div>\n\t\t<div class=\"elementor-element elementor-element-74f98ea e-con-full e-flex e-con e-child\" data-id=\"74f98ea\" data-element_type=\"container\">\n\t\t\t\t<div class=\"elementor-element elementor-element-4f4bb96 elementor-widget__width-initial elementor-widget elementor-widget-heading\" data-id=\"4f4bb96\" data-element_type=\"widget\" data-widget_type=\"heading.default\">\n\t\t\t\t<div class=\"elementor-widget-container\">\n\t\t\t\t\t<h2 class=\"elementor-heading-title elementor-size-default\">D\u00c9JATE ACONSEJAR\nCON VOZ E IMAGEN<\/h2>\t\t\t\t<\/div>\n\t\t\t\t<\/div>\n\t\t\t\t<div class=\"elementor-element elementor-element-8eca7c4 elementor-widget__width-initial elementor-widget elementor-widget-image\" data-id=\"8eca7c4\" data-element_type=\"widget\" data-widget_type=\"image.default\">\n\t\t\t\t<div class=\"elementor-widget-container\">\n\t\t\t\t\t\t\t\t\t\t\t\t\t\t\t<img loading=\"lazy\" decoding=\"async\" width=\"800\" height=\"800\" src=\"https:\/\/nwee.ai\/wp-content\/uploads\/2025\/01\/gif-voz-e-imagen-16-Promotion.gif\" class=\"attachment-large size-large wp-image-340\" alt=\"\" \/>\t\t\t\t\t\t\t\t\t\t\t\t\t\t\t<\/div>\n\t\t\t\t<\/div>\n\t\t\t\t<\/div>\n\t\t\t\t\t<\/div>\n\t\t\t\t<\/div>\n\t\t<div class=\"elementor-element elementor-element-c35bd09 e-flex e-con-boxed e-con e-parent\" data-id=\"c35bd09\" data-element_type=\"container\" id=\"scroll3\" data-settings=\"{&quot;background_background&quot;:&quot;classic&quot;}\">\n\t\t\t\t\t<div class=\"e-con-inner\">\n\t\t<div class=\"elementor-element elementor-element-bf04a75 e-con-full e-flex e-con e-child\" data-id=\"bf04a75\" data-element_type=\"container\">\n\t\t\t\t<div class=\"elementor-element elementor-element-90b90e5 elementor-widget__width-initial elementor-widget elementor-widget-image\" data-id=\"90b90e5\" data-element_type=\"widget\" data-widget_type=\"image.default\">\n\t\t\t\t<div class=\"elementor-widget-container\">\n\t\t\t\t\t\t\t\t\t\t\t\t\t\t\t<img loading=\"lazy\" decoding=\"async\" width=\"800\" height=\"800\" src=\"https:\/\/nwee.ai\/wp-content\/uploads\/2025\/01\/gif-contacta-06-Customer-Support.gif\" class=\"attachment-large size-large wp-image-341\" alt=\"\" \/>\t\t\t\t\t\t\t\t\t\t\t\t\t\t\t<\/div>\n\t\t\t\t<\/div>\n\t\t<div class=\"elementor-element elementor-element-b5eabb4 e-con-full e-flex e-con e-child\" data-id=\"b5eabb4\" data-element_type=\"container\">\n\t\t\t\t<div class=\"elementor-element elementor-element-03c8caf elementor-widget elementor-widget-heading\" data-id=\"03c8caf\" data-element_type=\"widget\" data-widget_type=\"heading.default\">\n\t\t\t\t<div class=\"elementor-widget-container\">\n\t\t\t\t\t<h2 class=\"elementor-heading-title elementor-size-default\">CONTACTA CON NUESTRO\nEQUIPO COMERCIAL<\/h2>\t\t\t\t<\/div>\n\t\t\t\t<\/div>\n\t\t\t\t<div class=\"elementor-element elementor-element-4bf7d3c elementor-align-justify elementor-widget elementor-widget-button\" data-id=\"4bf7d3c\" data-element_type=\"widget\" data-widget_type=\"button.default\">\n\t\t\t\t<div class=\"elementor-widget-container\">\n\t\t\t\t\t\t\t\t\t<div class=\"elementor-button-wrapper\">\n\t\t\t\t\t<a class=\"elementor-button elementor-button-link elementor-size-sm\" href=\"#\">\n\t\t\t\t\t\t<span class=\"elementor-button-content-wrapper\">\n\t\t\t\t\t\t\t\t\t<span class=\"elementor-button-text\">+ INFORMACI\u00d3N<\/span>\n\t\t\t\t\t<\/span>\n\t\t\t\t\t<\/a>\n\t\t\t\t<\/div>\n\t\t\t\t\t\t\t\t<\/div>\n\t\t\t\t<\/div>\n\t\t\t\t<\/div>\n\t\t\t\t<\/div>\n\t\t\t\t\t<\/div>\n\t\t\t\t<\/div>\n\t\t<div class=\"elementor-element elementor-element-2b4d1a0 e-flex e-con-boxed e-con e-parent\" data-id=\"2b4d1a0\" data-element_type=\"container\">\n\t\t\t\t\t<div class=\"e-con-inner\">\n\t\t<div class=\"elementor-element elementor-element-ed9ead1 e-con-full e-flex e-con e-child\" data-id=\"ed9ead1\" data-element_type=\"container\">\n\t\t<div class=\"elementor-element elementor-element-7137e5e e-con-full e-flex e-con e-child\" data-id=\"7137e5e\" data-element_type=\"container\">\n\t\t\t\t<div class=\"elementor-element elementor-element-e6a2038 elementor-widget__width-initial elementor-widget elementor-widget-heading\" data-id=\"e6a2038\" data-element_type=\"widget\" data-widget_type=\"heading.default\">\n\t\t\t\t<div class=\"elementor-widget-container\">\n\t\t\t\t\t<h2 class=\"elementor-heading-title elementor-size-default\">Powered by:<\/h2>\t\t\t\t<\/div>\n\t\t\t\t<\/div>\n\t\t\t\t<\/div>\n\t\t<div class=\"elementor-element elementor-element-9b10478 e-con-full e-flex e-con e-child\" data-id=\"9b10478\" data-element_type=\"container\">\n\t\t\t\t<div class=\"elementor-element elementor-element-9efa6b2 elementor-widget elementor-widget-image\" data-id=\"9efa6b2\" data-element_type=\"widget\" data-widget_type=\"image.default\">\n\t\t\t\t<div class=\"elementor-widget-container\">\n\t\t\t\t\t\t\t\t\t\t\t\t\t\t\t<img loading=\"lazy\" decoding=\"async\" width=\"800\" height=\"108\" src=\"https:\/\/nwee.ai\/wp-content\/uploads\/2025\/01\/doobot-fondo-blanco-1024x138.png\" class=\"attachment-large size-large wp-image-345\" alt=\"\" srcset=\"https:\/\/nwee.ai\/wp-content\/uploads\/2025\/01\/doobot-fondo-blanco-1024x138.png 1024w, https:\/\/nwee.ai\/wp-content\/uploads\/2025\/01\/doobot-fondo-blanco-300x40.png 300w, https:\/\/nwee.ai\/wp-content\/uploads\/2025\/01\/doobot-fondo-blanco-768x103.png 768w, https:\/\/nwee.ai\/wp-content\/uploads\/2025\/01\/doobot-fondo-blanco-1536x207.png 1536w, https:\/\/nwee.ai\/wp-content\/uploads\/2025\/01\/doobot-fondo-blanco-2048x275.png 2048w\" sizes=\"(max-width: 800px) 100vw, 800px\" \/>\t\t\t\t\t\t\t\t\t\t\t\t\t\t\t<\/div>\n\t\t\t\t<\/div>\n\t\t\t\t<\/div>\n\t\t\t\t<\/div>\n\t\t\t\t\t<\/div>\n\t\t\t\t<\/div>\n\t\t\t\t<\/div>\n\t\t","protected":false},"excerpt":{"rendered":"<p>eCommerce powered by AI conversations COMPRAR ONLINE COMO NUNCA HAB\u00cdAS IMAGINADO \u00bfQU\u00c9 VENTAJAS APORTA LA IA CONVERSACIONAL? Dialoga No solo respuestas Tu eCommerce ser\u00e1 capaz de dialogar con los clientes como lo har\u00edas t\u00fa si estuvieses tras un mostrador en tienda, generando un verdadero di\u00e1logo. Aconseja No solo opciones Ofrecer\u00e1s mucho m\u00e1s que opciones, comprendiendo [&hellip;]<\/p>\n","protected":false},"author":1,"featured_media":0,"parent":0,"menu_order":0,"comment_status":"closed","ping_status":"closed","template":"","meta":{"footnotes":""},"class_list":["post-23","page","type-page","status-publish","hentry"],"_links":{"self":[{"href":"https:\/\/nwee.ai\/index.php?rest_route=\/wp\/v2\/pages\/23","targetHints":{"allow":["GET"]}}],"collection":[{"href":"https:\/\/nwee.ai\/index.php?rest_route=\/wp\/v2\/pages"}],"about":[{"href":"https:\/\/nwee.ai\/index.php?rest_route=\/wp\/v2\/types\/page"}],"author":[{"embeddable":true,"href":"https:\/\/nwee.ai\/index.php?rest_route=\/wp\/v2\/users\/1"}],"replies":[{"embeddable":true,"href":"https:\/\/nwee.ai\/index.php?rest_route=%2Fwp%2Fv2%2Fcomments&post=23"}],"version-history":[{"count":142,"href":"https:\/\/nwee.ai\/index.php?rest_route=\/wp\/v2\/pages\/23\/revisions"}],"predecessor-version":[{"id":408,"href":"https:\/\/nwee.ai\/index.php?rest_route=\/wp\/v2\/pages\/23\/revisions\/408"}],"wp:attachment":[{"href":"https:\/\/nwee.ai\/index.php?rest_route=%2Fwp%2Fv2%2Fmedia&parent=23"}],"curies":[{"name":"wp","href":"https:\/\/api.w.org\/{rel}","templated":true}]}}